{"id":2276,"date":"2023-06-19T11:01:47","date_gmt":"2023-06-19T11:01:47","guid":{"rendered":"https:\/\/alentecno.pt\/?page_id=2276"},"modified":"2026-04-13T13:40:18","modified_gmt":"2026-04-13T12:40:18","slug":"curso-eletronica-automacao-e-instrumentacao","status":"publish","type":"page","link":"https:\/\/alentecno.pt\/index.php\/curso-eletronica-automacao-e-instrumentacao\/","title":{"rendered":"T\u00e9cnico de Eletr\u00f3nica, Automa\u00e7\u00e3o e Instrumenta\u00e7\u00e3o"},"content":{"rendered":"\t\t<div data-elementor-type=\"wp-post\" data-elementor-id=\"2276\" class=\"elementor elementor-2276\" data-elementor-post-type=\"page\">\n\t\t\t\t\t\t<section class=\"elementor-section elementor-top-section elementor-element elementor-element-557e33a elementor-section-boxed elementor-section-height-default elementor-section-height-default wpr-particle-no wpr-jarallax-no wpr-parallax-no wpr-sticky-section-no wpr-equal-height-no\" data-id=\"557e33a\" data-element_type=\"section\" data-e-type=\"section\" data-settings=\"{&quot;background_background&quot;:&quot;classic&quot;}\">\n\t\t\t\t\t\t\t<div class=\"elementor-background-overlay\"><\/div>\n\t\t\t\t\t\t\t<div class=\"elementor-container elementor-column-gap-default\">\n\t\t\t\t\t<div class=\"elementor-column elementor-col-100 elementor-top-column elementor-element elementor-element-602de60\" data-id=\"602de60\" data-element_type=\"column\" data-e-type=\"column\">\n\t\t\t<div class=\"elementor-widget-wrap elementor-element-populated\">\n\t\t\t\t\t\t<div class=\"elementor-element elementor-element-51eb4347 elementor-widget-divider--view-line elementor-widget elementor-widget-divider\" data-id=\"51eb4347\" data-element_type=\"widget\" data-e-type=\"widget\" data-widget_type=\"divider.default\">\n\t\t\t\t<div class=\"elementor-widget-container\">\n\t\t\t\t\t\t\t<div class=\"elementor-divider\">\n\t\t\t<span class=\"elementor-divider-separator\">\n\t\t\t\t\t\t<\/span>\n\t\t<\/div>\n\t\t\t\t\t\t<\/div>\n\t\t\t\t<\/div>\n\t\t\t\t<div class=\"elementor-element elementor-element-f6270f8 elementor-widget elementor-widget-heading\" data-id=\"f6270f8\" data-element_type=\"widget\" data-e-type=\"widget\" data-widget_type=\"heading.default\">\n\t\t\t\t<div class=\"elementor-widget-container\">\n\t\t\t\t\t<h1 class=\"elementor-heading-title elementor-size-default\">N\u00edvel IV (Equival\u00eancia 12\u00ba)<\/h1>\t\t\t\t<\/div>\n\t\t\t\t<\/div>\n\t\t\t\t\t<\/div>\n\t\t<\/div>\n\t\t\t\t\t<\/div>\n\t\t<\/section>\n\t\t\t\t<section class=\"elementor-section elementor-top-section elementor-element elementor-element-670b1eaf elementor-section-boxed elementor-section-height-default elementor-section-height-default wpr-particle-no wpr-jarallax-no wpr-parallax-no wpr-sticky-section-no wpr-equal-height-no\" data-id=\"670b1eaf\" data-element_type=\"section\" data-e-type=\"section\">\n\t\t\t\t\t\t<div class=\"elementor-container elementor-column-gap-no\">\n\t\t\t\t\t<div class=\"elementor-column elementor-col-50 elementor-top-column elementor-element elementor-element-ef58c6a\" data-id=\"ef58c6a\" data-element_type=\"column\" data-e-type=\"column\">\n\t\t\t<div class=\"elementor-widget-wrap elementor-element-populated\">\n\t\t\t\t\t\t<div class=\"elementor-element elementor-element-001a2d4 elementor-widget elementor-widget-heading\" data-id=\"001a2d4\" data-element_type=\"widget\" data-e-type=\"widget\" data-widget_type=\"heading.default\">\n\t\t\t\t<div class=\"elementor-widget-container\">\n\t\t\t\t\t<h2 class=\"elementor-heading-title elementor-size-default\">Eletr\u00f3nica, Automa\u00e7\u00e3o e Instrumenta\u00e7\u00e3o<\/h2>\t\t\t\t<\/div>\n\t\t\t\t<\/div>\n\t\t\t\t<div class=\"elementor-element elementor-element-4f301909 elementor-widget-divider--view-line elementor-widget elementor-widget-divider\" data-id=\"4f301909\" data-element_type=\"widget\" data-e-type=\"widget\" data-widget_type=\"divider.default\">\n\t\t\t\t<div class=\"elementor-widget-container\">\n\t\t\t\t\t\t\t<div class=\"elementor-divider\">\n\t\t\t<span class=\"elementor-divider-separator\">\n\t\t\t\t\t\t<\/span>\n\t\t<\/div>\n\t\t\t\t\t\t<\/div>\n\t\t\t\t<\/div>\n\t\t\t\t<div class=\"elementor-element elementor-element-9754bd6 elementor-widget elementor-widget-text-editor\" data-id=\"9754bd6\" data-element_type=\"widget\" data-e-type=\"widget\" data-widget_type=\"text-editor.default\">\n\t\t\t\t<div class=\"elementor-widget-container\">\n\t\t\t\t\t\t\t\t\t<p>O T\u00e9cnico de Eletr\u00f3nica, Automa\u00e7\u00e3o e Instrumenta\u00e7\u00e3o \u00e9 o profissional qualificado apto a desempenhar tarefas de car\u00e1ter t\u00e9cnico relacionadas com a instala\u00e7\u00e3o, manuten\u00e7\u00e3o e opera\u00e7\u00e3o de equipamentos eletr\u00f3nicos, hidr\u00e1ulicos e de instrumenta\u00e7\u00e3o e medida em \u00e1reas industriais ou T\u00e9cnico-comerciais, no respeito pelas normas de higiene e seguran\u00e7a.<\/p>\t\t\t\t\t\t\t\t<\/div>\n\t\t\t\t<\/div>\n\t\t\t\t\t<\/div>\n\t\t<\/div>\n\t\t\t\t<div class=\"elementor-column elementor-col-50 elementor-top-column elementor-element elementor-element-7b122d01\" data-id=\"7b122d01\" data-element_type=\"column\" data-e-type=\"column\" data-settings=\"{&quot;background_background&quot;:&quot;classic&quot;}\">\n\t\t\t<div class=\"elementor-widget-wrap elementor-element-populated\">\n\t\t\t\t\t\t<div class=\"elementor-element elementor-element-e85168b elementor-widget elementor-widget-spacer\" data-id=\"e85168b\" data-element_type=\"widget\" data-e-type=\"widget\" data-widget_type=\"spacer.default\">\n\t\t\t\t<div class=\"elementor-widget-container\">\n\t\t\t\t\t\t\t<div class=\"elementor-spacer\">\n\t\t\t<div class=\"elementor-spacer-inner\"><\/div>\n\t\t<\/div>\n\t\t\t\t\t\t<\/div>\n\t\t\t\t<\/div>\n\t\t\t\t\t<\/div>\n\t\t<\/div>\n\t\t\t\t\t<\/div>\n\t\t<\/section>\n\t\t\t\t<section class=\"elementor-section elementor-top-section elementor-element elementor-element-271bf91 elementor-section-full_width elementor-reverse-mobile elementor-section-height-default elementor-section-height-default wpr-particle-no wpr-jarallax-no wpr-parallax-no wpr-sticky-section-no wpr-equal-height-no\" data-id=\"271bf91\" data-element_type=\"section\" data-e-type=\"section\" data-settings=\"{&quot;background_background&quot;:&quot;classic&quot;}\">\n\t\t\t\t\t\t\t<div class=\"elementor-background-overlay\"><\/div>\n\t\t\t\t\t\t\t<div class=\"elementor-container elementor-column-gap-no\">\n\t\t\t\t\t<div class=\"elementor-column elementor-col-100 elementor-top-column elementor-element elementor-element-28857a7\" data-id=\"28857a7\" data-element_type=\"column\" data-e-type=\"column\">\n\t\t\t<div class=\"elementor-widget-wrap elementor-element-populated\">\n\t\t\t\t\t\t<div class=\"elementor-element elementor-element-679efe1 elementor-widget elementor-widget-heading\" data-id=\"679efe1\" data-element_type=\"widget\" data-e-type=\"widget\" data-widget_type=\"heading.default\">\n\t\t\t\t<div class=\"elementor-widget-container\">\n\t\t\t\t\t<h2 class=\"elementor-heading-title elementor-size-default\">Compet\u00eancias Profissionais<\/h2>\t\t\t\t<\/div>\n\t\t\t\t<\/div>\n\t\t\t\t<div class=\"elementor-element elementor-element-6024bec elementor-widget-divider--view-line elementor-widget elementor-widget-divider\" data-id=\"6024bec\" data-element_type=\"widget\" data-e-type=\"widget\" data-widget_type=\"divider.default\">\n\t\t\t\t<div class=\"elementor-widget-container\">\n\t\t\t\t\t\t\t<div class=\"elementor-divider\">\n\t\t\t<span class=\"elementor-divider-separator\">\n\t\t\t\t\t\t<\/span>\n\t\t<\/div>\n\t\t\t\t\t\t<\/div>\n\t\t\t\t<\/div>\n\t\t\t\t<div class=\"elementor-element elementor-element-2361a3b elementor-widget elementor-widget-text-editor\" data-id=\"2361a3b\" data-element_type=\"widget\" data-e-type=\"widget\" data-widget_type=\"text-editor.default\">\n\t\t\t\t<div class=\"elementor-widget-container\">\n\t\t\t\t\t\t\t\t\t<ul>\n<li>Selecionar criteriosamente componentes, materiais e equipamentos com base nas suas caracter\u00edsticas tecnol\u00f3gicas e de acordo com as normas e regulamentos existentes;<\/li>\n<li>Interpretar e utilizar corretamente manuais, esquemas e outra literatura t\u00e9cnica fornecida pelos fabricantes;<\/li>\n<li>Efetuar opera\u00e7\u00f5es de corre\u00e7\u00e3o, ajuste e manuten\u00e7\u00e3o segundo as instru\u00e7\u00f5es do fabricante;<\/li>\n<li>Analisar e interpretar anomalias de funcionamento e formular hip\u00f3teses de causas prov\u00e1veis;<\/li>\n<li>Aplicar e respeitar as normas de prote\u00e7\u00e3o do ambiente e de preven\u00e7\u00e3o, higiene e seguran\u00e7a no trabalho;<\/li>\n<li>Executar instala\u00e7\u00f5es de baixa tens\u00e3o, nomeadamente instala\u00e7\u00f5es de utiliza\u00e7\u00e3o, coletivas, alimenta\u00e7\u00e3o, comando, sinaliza\u00e7\u00e3o, prote\u00e7\u00e3o e industriais;<\/li>\n<li>Efetuar a manuten\u00e7\u00e3o e repara\u00e7\u00e3o de instala\u00e7\u00f5es de utiliza\u00e7\u00e3o, industriais e distribui\u00e7\u00e3o de energia el\u00e9trica;<\/li>\n<li>Efetuar a instala\u00e7\u00e3o, manuten\u00e7\u00e3o e repara\u00e7\u00e3o de equipamentos espec\u00edficos na \u00e1rea da dom\u00f3tica;<\/li>\n<li>Efetuar estimativas de custos de or\u00e7amentos de instala\u00e7\u00f5es.<\/li>\n<\/ul>\t\t\t\t\t\t\t\t<\/div>\n\t\t\t\t<\/div>\n\t\t\t\t\t<\/div>\n\t\t<\/div>\n\t\t\t\t\t<\/div>\n\t\t<\/section>\n\t\t\t\t<section class=\"elementor-section elementor-top-section elementor-element elementor-element-42e59065 elementor-section-boxed elementor-section-height-default elementor-section-height-default wpr-particle-no wpr-jarallax-no wpr-parallax-no wpr-sticky-section-no wpr-equal-height-no\" data-id=\"42e59065\" data-element_type=\"section\" data-e-type=\"section\">\n\t\t\t\t\t\t<div class=\"elementor-container elementor-column-gap-no\">\n\t\t\t\t\t<div class=\"elementor-column elementor-col-100 elementor-top-column elementor-element elementor-element-3175fcf9\" data-id=\"3175fcf9\" data-element_type=\"column\" data-e-type=\"column\">\n\t\t\t<div class=\"elementor-widget-wrap elementor-element-populated\">\n\t\t\t\t\t\t<div class=\"elementor-element elementor-element-34c6cc4 elementor-widget elementor-widget-heading\" data-id=\"34c6cc4\" data-element_type=\"widget\" data-e-type=\"widget\" data-widget_type=\"heading.default\">\n\t\t\t\t<div class=\"elementor-widget-container\">\n\t\t\t\t\t<h2 class=\"elementor-heading-title elementor-size-default\">T\u00e9cnico de Eletr\u00f3nica, Automa\u00e7\u00e3o e Instrumenta\u00e7\u00e3o<\/h2>\t\t\t\t<\/div>\n\t\t\t\t<\/div>\n\t\t\t\t<div class=\"elementor-element elementor-element-d13a714 elementor-widget-divider--view-line elementor-widget elementor-widget-divider\" data-id=\"d13a714\" data-element_type=\"widget\" data-e-type=\"widget\" data-widget_type=\"divider.default\">\n\t\t\t\t<div class=\"elementor-widget-container\">\n\t\t\t\t\t\t\t<div class=\"elementor-divider\">\n\t\t\t<span class=\"elementor-divider-separator\">\n\t\t\t\t\t\t<\/span>\n\t\t<\/div>\n\t\t\t\t\t\t<\/div>\n\t\t\t\t<\/div>\n\t\t\t\t<div class=\"elementor-element elementor-element-bcbd8fc elementor-widget elementor-widget-text-editor\" data-id=\"bcbd8fc\" data-element_type=\"widget\" data-e-type=\"widget\" data-widget_type=\"text-editor.default\">\n\t\t\t\t<div class=\"elementor-widget-container\">\n\t\t\t\t\t\t\t\t\t<h5><strong>Plano de Estudos<\/strong><\/h5><p>Cat\u00e1logo Nacional de Qualifica\u00e7\u00f5es<\/p><h5>Componentes de forma\u00e7\u00e3o sociocultural<\/h5><p><strong>&#8211;<\/strong> Portugu\u00eas<\/p><p>&#8211; L\u00edngua Estrangeira<\/p><p>&#8211; \u00c1rea de Integra\u00e7\u00e3o<\/p><p>&#8211; Tecnologias de Informa\u00e7\u00e3o e Comunica\u00e7\u00e3o<\/p><p>&#8211; Educa\u00e7\u00e3o F\u00edsica<\/p><h5>Componente de forma\u00e7\u00e3o cient\u00edfica<\/h5><p>&#8211; Matem\u00e1tica<\/p><p>&#8211; F\u00edsica e Qu\u00edmica<\/p><h5>componente de forma\u00e7\u00e3o t\u00e9cnica<\/h5><p>&#8211; Eletricidade e Eletr\u00f3nica<\/p><p>&#8211; Tecnologias Aplicadas<\/p><p>&#8211; Sistemas Digitais<\/p><p>&#8211; Automa\u00e7\u00e3o e Instrumenta\u00e7\u00e3o<\/p><p>&#8211; Forma\u00e7\u00e3o em Contexto de Trabalho (600h)<\/p>\t\t\t\t\t\t\t\t<\/div>\n\t\t\t\t<\/div>\n\t\t\t\t<div class=\"elementor-element elementor-element-7800a9c elementor-widget elementor-widget-spacer\" data-id=\"7800a9c\" data-element_type=\"widget\" data-e-type=\"widget\" data-widget_type=\"spacer.default\">\n\t\t\t\t<div class=\"elementor-widget-container\">\n\t\t\t\t\t\t\t<div class=\"elementor-spacer\">\n\t\t\t<div class=\"elementor-spacer-inner\"><\/div>\n\t\t<\/div>\n\t\t\t\t\t\t<\/div>\n\t\t\t\t<\/div>\n\t\t\t\t<div class=\"elementor-element elementor-element-67e839a wpr-button-icon-style-inline wpr-button-icon-position-right elementor-widget elementor-widget-wpr-button\" data-id=\"67e839a\" data-element_type=\"widget\" data-e-type=\"widget\" data-widget_type=\"wpr-button.default\">\n\t\t\t\t<div class=\"elementor-widget-container\">\n\t\t\t\t\t\t\n\t\t\t\n\t\t\n\t\t<div class=\"wpr-button-wrap elementor-clearfix\">\n\t\t<a class=\"wpr-button wpr-button-effect elementor-animation-grow\" data-text=\"\" href=\"https:\/\/docs.google.com\/forms\/d\/e\/1FAIpQLSdTLLxvInPJPJqiDMHX9f_L_OqqhliR-XlRSoaDyhQFS4jqgQ\/viewform\" target=\"_blank\">\n\t\t\t\n\t\t\t<span class=\"wpr-button-content\">\n\t\t\t\t\t\t\t\t\t<span class=\"wpr-button-text\">Candidatura Online<\/span>\n\t\t\t\t\t\t\t\t\n\t\t\t\t\t\t\t<\/span>\n\t\t<\/a>\n\n\t\t\t\t<\/div>\n\t\n\t\n\t\t\t\t\t<\/div>\n\t\t\t\t<\/div>\n\t\t\t\t\t<\/div>\n\t\t<\/div>\n\t\t\t\t\t<\/div>\n\t\t<\/section>\n\t\t\t\t<\/div>\n\t\t","protected":false},"excerpt":{"rendered":"<p>N\u00edvel IV (Equival\u00eancia 12\u00ba) Eletr\u00f3nica, Automa\u00e7\u00e3o e Instrumenta\u00e7\u00e3o O T\u00e9cnico de Eletr\u00f3nica, Automa\u00e7\u00e3o e Instrumenta\u00e7\u00e3o \u00e9 o profissional qualificado apto a desempenhar tarefas de car\u00e1ter t\u00e9cnico relacionadas com a instala\u00e7\u00e3o, manuten\u00e7\u00e3o e opera\u00e7\u00e3o de equipamentos eletr\u00f3nicos, hidr\u00e1ulicos e de instrumenta\u00e7\u00e3o e medida em \u00e1reas industriais ou T\u00e9cnico-comerciais, no respeito pelas normas de higiene e seguran\u00e7a. Compet\u00eancias Profissionais Selecionar criteriosamente componentes, materiais e equipamentos com base nas suas caracter\u00edsticas tecnol\u00f3gicas e de acordo com as normas e regulamentos existentes; Interpretar e utilizar corretamente manuais, esquemas e outra literatura t\u00e9cnica fornecida pelos fabricantes; Efetuar opera\u00e7\u00f5es de corre\u00e7\u00e3o, ajuste e manuten\u00e7\u00e3o segundo as instru\u00e7\u00f5es do fabricante; Analisar e interpretar anomalias de funcionamento e formular hip\u00f3teses de causas prov\u00e1veis; Aplicar e respeitar as normas de prote\u00e7\u00e3o do ambiente e de preven\u00e7\u00e3o, higiene e seguran\u00e7a no trabalho; Executar instala\u00e7\u00f5es de baixa tens\u00e3o, nomeadamente instala\u00e7\u00f5es de utiliza\u00e7\u00e3o, coletivas, alimenta\u00e7\u00e3o, comando, sinaliza\u00e7\u00e3o, prote\u00e7\u00e3o e industriais; Efetuar a manuten\u00e7\u00e3o e repara\u00e7\u00e3o de instala\u00e7\u00f5es de utiliza\u00e7\u00e3o, industriais e distribui\u00e7\u00e3o de energia el\u00e9trica; Efetuar a instala\u00e7\u00e3o, manuten\u00e7\u00e3o e repara\u00e7\u00e3o de equipamentos espec\u00edficos na \u00e1rea da dom\u00f3tica; Efetuar estimativas de custos de or\u00e7amentos de instala\u00e7\u00f5es. T\u00e9cnico de Eletr\u00f3nica, Automa\u00e7\u00e3o e Instrumenta\u00e7\u00e3o Plano de Estudos Cat\u00e1logo Nacional de Qualifica\u00e7\u00f5es Componentes de forma\u00e7\u00e3o sociocultural &#8211; Portugu\u00eas &#8211; L\u00edngua Estrangeira &#8211; \u00c1rea de Integra\u00e7\u00e3o &#8211; Tecnologias de Informa\u00e7\u00e3o e Comunica\u00e7\u00e3o &#8211; Educa\u00e7\u00e3o F\u00edsica Componente de forma\u00e7\u00e3o cient\u00edfica &#8211; Matem\u00e1tica &#8211; F\u00edsica e Qu\u00edmica componente de forma\u00e7\u00e3o t\u00e9cnica &#8211; Eletricidade e Eletr\u00f3nica &#8211; Tecnologias Aplicadas &#8211; Sistemas Digitais &#8211; Automa\u00e7\u00e3o e Instrumenta\u00e7\u00e3o &#8211; Forma\u00e7\u00e3o em Contexto de Trabalho (600h) Candidatura Online<\/p>\n","protected":false},"author":1,"featured_media":0,"parent":0,"menu_order":0,"comment_status":"closed","ping_status":"closed","template":"","meta":{"om_disable_all_campaigns":false,"_uag_custom_page_level_css":"","_monsterinsights_skip_tracking":false,"_monsterinsights_sitenote_active":false,"_monsterinsights_sitenote_note":"","_monsterinsights_sitenote_category":0,"site-sidebar-layout":"no-sidebar","site-content-layout":"page-builder","ast-site-content-layout":"default","site-content-style":"default","site-sidebar-style":"default","ast-global-header-display":"","ast-banner-title-visibility":"","ast-main-header-display":"","ast-hfb-above-header-display":"","ast-hfb-below-header-display":"","ast-hfb-mobile-header-display":"","site-post-title":"disabled","ast-breadcrumbs-content":"","ast-featured-img":"disabled","footer-sml-layout":"","ast-disable-related-posts":"","theme-transparent-header-meta":"","adv-header-id-meta":"","stick-header-meta":"","header-above-stick-meta":"","header-main-stick-meta":"","header-below-stick-meta":"","astra-migrate-meta-layouts":"default","ast-page-background-enabled":"default","ast-page-background-meta":{"desktop":{"background-color":"","background-image":"","background-repeat":"repeat","background-position":"center center","background-size":"auto","background-attachment":"scroll","background-type":"","background-media":"","overlay-type":"","overlay-color":"","overlay-opacity":"","overlay-gradient":""},"tablet":{"background-color":"","background-image":"","background-repeat":"repeat","background-position":"center center","background-size":"auto","background-attachment":"scroll","background-type":"","background-media":"","overlay-type":"","overlay-color":"","overlay-opacity":"","overlay-gradient":""},"mobile":{"background-color":"","background-image":"","background-repeat":"repeat","background-position":"center center","background-size":"auto","background-attachment":"scroll","background-type":"","background-media":"","overlay-type":"","overlay-color":"","overlay-opacity":"","overlay-gradient":""}},"ast-content-background-meta":{"desktop":{"background-color":"var(--ast-global-color-5)","background-image":"","background-repeat":"repeat","background-position":"center center","background-size":"auto","background-attachment":"scroll","background-type":"","background-media":"","overlay-type":"","overlay-color":"","overlay-opacity":"","overlay-gradient":""},"tablet":{"background-color":"var(--ast-global-color-5)","background-image":"","background-repeat":"repeat","background-position":"center center","background-size":"auto","background-attachment":"scroll","background-type":"","background-media":"","overlay-type":"","overlay-color":"","overlay-opacity":"","overlay-gradient":""},"mobile":{"background-color":"var(--ast-global-color-5)","background-image":"","background-repeat":"repeat","background-position":"center center","background-size":"auto","background-attachment":"scroll","background-type":"","background-media":"","overlay-type":"","overlay-color":"","overlay-opacity":"","overlay-gradient":""}},"footnotes":""},"class_list":["post-2276","page","type-page","status-publish","hentry"],"aioseo_notices":[],"uagb_featured_image_src":{"full":false,"thumbnail":false,"medium":false,"medium_large":false,"large":false,"1536x1536":false,"2048x2048":false},"uagb_author_info":{"display_name":"admin","author_link":"https:\/\/alentecno.pt\/index.php\/author\/wp_admin_01\/"},"uagb_comment_info":0,"uagb_excerpt":"N\u00edvel IV (Equival\u00eancia 12\u00ba) Eletr\u00f3nica, Automa\u00e7\u00e3o e Instrumenta\u00e7\u00e3o O T\u00e9cnico de Eletr\u00f3nica, Automa\u00e7\u00e3o e Instrumenta\u00e7\u00e3o \u00e9 o profissional qualificado apto a desempenhar tarefas de car\u00e1ter t\u00e9cnico relacionadas com a instala\u00e7\u00e3o, manuten\u00e7\u00e3o e opera\u00e7\u00e3o de equipamentos eletr\u00f3nicos, hidr\u00e1ulicos e de instrumenta\u00e7\u00e3o e medida em \u00e1reas industriais ou T\u00e9cnico-comerciais, no respeito pelas normas de higiene e seguran\u00e7a.&hellip;","_links":{"self":[{"href":"https:\/\/alentecno.pt\/index.php\/wp-json\/wp\/v2\/pages\/2276","targetHints":{"allow":["GET"]}}],"collection":[{"href":"https:\/\/alentecno.pt\/index.php\/wp-json\/wp\/v2\/pages"}],"about":[{"href":"https:\/\/alentecno.pt\/index.php\/wp-json\/wp\/v2\/types\/page"}],"author":[{"embeddable":true,"href":"https:\/\/alentecno.pt\/index.php\/wp-json\/wp\/v2\/users\/1"}],"replies":[{"embeddable":true,"href":"https:\/\/alentecno.pt\/index.php\/wp-json\/wp\/v2\/comments?post=2276"}],"version-history":[{"count":12,"href":"https:\/\/alentecno.pt\/index.php\/wp-json\/wp\/v2\/pages\/2276\/revisions"}],"predecessor-version":[{"id":10460,"href":"https:\/\/alentecno.pt\/index.php\/wp-json\/wp\/v2\/pages\/2276\/revisions\/10460"}],"wp:attachment":[{"href":"https:\/\/alentecno.pt\/index.php\/wp-json\/wp\/v2\/media?parent=2276"}],"curies":[{"name":"wp","href":"https:\/\/api.w.org\/{rel}","templated":true}]}}