{"id":6,"date":"2018-05-03T07:49:08","date_gmt":"2018-05-03T07:49:08","guid":{"rendered":"https:\/\/alentecno.pt\/index.php\/about-us\/"},"modified":"2023-06-19T08:54:48","modified_gmt":"2023-06-19T08:54:48","slug":"about-us","status":"publish","type":"page","link":"https:\/\/alentecno.pt\/index.php\/about-us\/","title":{"rendered":"About"},"content":{"rendered":"\t\t<div data-elementor-type=\"wp-post\" data-elementor-id=\"6\" class=\"elementor elementor-6\" data-elementor-post-type=\"page\">\n\t\t\t\t\t\t<section class=\"elementor-section elementor-top-section elementor-element elementor-element-557e33a elementor-section-boxed elementor-section-height-default elementor-section-height-default wpr-particle-no wpr-jarallax-no wpr-parallax-no wpr-sticky-section-no wpr-equal-height-no\" data-id=\"557e33a\" data-element_type=\"section\" data-e-type=\"section\" data-settings=\"{&quot;background_background&quot;:&quot;classic&quot;}\">\n\t\t\t\t\t\t\t<div class=\"elementor-background-overlay\"><\/div>\n\t\t\t\t\t\t\t<div class=\"elementor-container elementor-column-gap-default\">\n\t\t\t\t\t<div class=\"elementor-column elementor-col-100 elementor-top-column elementor-element elementor-element-602de60\" data-id=\"602de60\" data-element_type=\"column\" data-e-type=\"column\">\n\t\t\t<div class=\"elementor-widget-wrap elementor-element-populated\">\n\t\t\t\t\t\t<div class=\"elementor-element elementor-element-51eb4347 elementor-widget-divider--view-line elementor-widget elementor-widget-divider\" data-id=\"51eb4347\" data-element_type=\"widget\" data-e-type=\"widget\" data-widget_type=\"divider.default\">\n\t\t\t\t<div class=\"elementor-widget-container\">\n\t\t\t\t\t\t\t<div class=\"elementor-divider\">\n\t\t\t<span class=\"elementor-divider-separator\">\n\t\t\t\t\t\t<\/span>\n\t\t<\/div>\n\t\t\t\t\t\t<\/div>\n\t\t\t\t<\/div>\n\t\t\t\t<div class=\"elementor-element elementor-element-f6270f8 elementor-widget elementor-widget-heading\" data-id=\"f6270f8\" data-element_type=\"widget\" data-e-type=\"widget\" data-widget_type=\"heading.default\">\n\t\t\t\t<div class=\"elementor-widget-container\">\n\t\t\t\t\t<h1 class=\"elementor-heading-title elementor-size-default\">Curso<\/h1>\t\t\t\t<\/div>\n\t\t\t\t<\/div>\n\t\t\t\t\t<\/div>\n\t\t<\/div>\n\t\t\t\t\t<\/div>\n\t\t<\/section>\n\t\t\t\t<section class=\"elementor-section elementor-top-section elementor-element elementor-element-670b1eaf elementor-section-full_width elementor-section-height-default elementor-section-height-default wpr-particle-no wpr-jarallax-no wpr-parallax-no wpr-sticky-section-no wpr-equal-height-no\" data-id=\"670b1eaf\" data-element_type=\"section\" data-e-type=\"section\">\n\t\t\t\t\t\t<div class=\"elementor-container elementor-column-gap-no\">\n\t\t\t\t\t<div class=\"elementor-column elementor-col-50 elementor-top-column elementor-element elementor-element-ef58c6a\" data-id=\"ef58c6a\" data-element_type=\"column\" data-e-type=\"column\">\n\t\t\t<div class=\"elementor-widget-wrap elementor-element-populated\">\n\t\t\t\t\t\t<div class=\"elementor-element elementor-element-001a2d4 elementor-widget elementor-widget-heading\" data-id=\"001a2d4\" data-element_type=\"widget\" data-e-type=\"widget\" data-widget_type=\"heading.default\">\n\t\t\t\t<div class=\"elementor-widget-container\">\n\t\t\t\t\t<h2 class=\"elementor-heading-title elementor-size-default\">An\u00e1lise Laboratorial<\/h2>\t\t\t\t<\/div>\n\t\t\t\t<\/div>\n\t\t\t\t<div class=\"elementor-element elementor-element-4f301909 elementor-widget-divider--view-line elementor-widget elementor-widget-divider\" data-id=\"4f301909\" data-element_type=\"widget\" data-e-type=\"widget\" data-widget_type=\"divider.default\">\n\t\t\t\t<div class=\"elementor-widget-container\">\n\t\t\t\t\t\t\t<div class=\"elementor-divider\">\n\t\t\t<span class=\"elementor-divider-separator\">\n\t\t\t\t\t\t<\/span>\n\t\t<\/div>\n\t\t\t\t\t\t<\/div>\n\t\t\t\t<\/div>\n\t\t\t\t<div class=\"elementor-element elementor-element-9754bd6 elementor-widget elementor-widget-text-editor\" data-id=\"9754bd6\" data-element_type=\"widget\" data-e-type=\"widget\" data-widget_type=\"text-editor.default\">\n\t\t\t\t<div class=\"elementor-widget-container\">\n\t\t\t\t\t\t\t\t\t<p>O T\u00e9cnico de An\u00e1lise Laboratorial \u00e9 o profissional qualificado para, no dominio dos princ\u00edpios e das t\u00e9cnicas de an\u00e1lise qualitativa, quantitativa e instrumental, realizar ensaios, registar e interpretar os resultados, selecionando os m\u00e9todos e as t\u00e9cnicas mais adequadas, para aplica\u00e7\u00f5es em cintexto laboratorial ou em processos qu\u00edmicos.<\/p>\t\t\t\t\t\t\t\t<\/div>\n\t\t\t\t<\/div>\n\t\t\t\t\t<\/div>\n\t\t<\/div>\n\t\t\t\t<div class=\"elementor-column elementor-col-50 elementor-top-column elementor-element elementor-element-7b122d01\" data-id=\"7b122d01\" data-element_type=\"column\" data-e-type=\"column\" data-settings=\"{&quot;background_background&quot;:&quot;classic&quot;}\">\n\t\t\t<div class=\"elementor-widget-wrap elementor-element-populated\">\n\t\t\t\t\t\t<div class=\"elementor-element elementor-element-e85168b elementor-widget elementor-widget-spacer\" data-id=\"e85168b\" data-element_type=\"widget\" data-e-type=\"widget\" data-widget_type=\"spacer.default\">\n\t\t\t\t<div class=\"elementor-widget-container\">\n\t\t\t\t\t\t\t<div class=\"elementor-spacer\">\n\t\t\t<div class=\"elementor-spacer-inner\"><\/div>\n\t\t<\/div>\n\t\t\t\t\t\t<\/div>\n\t\t\t\t<\/div>\n\t\t\t\t\t<\/div>\n\t\t<\/div>\n\t\t\t\t\t<\/div>\n\t\t<\/section>\n\t\t\t\t<section class=\"elementor-section elementor-top-section elementor-element elementor-element-271bf91 elementor-section-full_width elementor-reverse-mobile elementor-section-height-default elementor-section-height-default wpr-particle-no wpr-jarallax-no wpr-parallax-no wpr-sticky-section-no wpr-equal-height-no\" data-id=\"271bf91\" data-element_type=\"section\" data-e-type=\"section\">\n\t\t\t\t\t\t<div class=\"elementor-container elementor-column-gap-no\">\n\t\t\t\t\t<div class=\"elementor-column elementor-col-100 elementor-top-column elementor-element elementor-element-28857a7\" data-id=\"28857a7\" data-element_type=\"column\" data-e-type=\"column\">\n\t\t\t<div class=\"elementor-widget-wrap elementor-element-populated\">\n\t\t\t\t\t\t<div class=\"elementor-element elementor-element-679efe1 elementor-widget elementor-widget-heading\" data-id=\"679efe1\" data-element_type=\"widget\" data-e-type=\"widget\" data-widget_type=\"heading.default\">\n\t\t\t\t<div class=\"elementor-widget-container\">\n\t\t\t\t\t<h2 class=\"elementor-heading-title elementor-size-default\">Compet\u00eancias Profissionais<\/h2>\t\t\t\t<\/div>\n\t\t\t\t<\/div>\n\t\t\t\t<div class=\"elementor-element elementor-element-6024bec elementor-widget-divider--view-line elementor-widget elementor-widget-divider\" data-id=\"6024bec\" data-element_type=\"widget\" data-e-type=\"widget\" data-widget_type=\"divider.default\">\n\t\t\t\t<div class=\"elementor-widget-container\">\n\t\t\t\t\t\t\t<div class=\"elementor-divider\">\n\t\t\t<span class=\"elementor-divider-separator\">\n\t\t\t\t\t\t<\/span>\n\t\t<\/div>\n\t\t\t\t\t\t<\/div>\n\t\t\t\t<\/div>\n\t\t\t\t<div class=\"elementor-element elementor-element-2361a3b elementor-widget elementor-widget-text-editor\" data-id=\"2361a3b\" data-element_type=\"widget\" data-e-type=\"widget\" data-widget_type=\"text-editor.default\">\n\t\t\t\t<div class=\"elementor-widget-container\">\n\t\t\t\t\t\t\t\t\t<ul><li>Identificar e realizar os principais ensaios e an\u00e1lise por sector de atividade;<\/li><li>Aplicar as t\u00e9cnicas de an\u00e1lise qu\u00edmica e selecionar as que melhor se adaptam \u00e0 resolu\u00e7\u00e3o de um dado problema;<\/li><li>Recolher e preparar amostras de subst\u00e2ncias e produtos a analisar;<\/li><li>Realisar ensaios f\u00edsicoqu\u00edmicos e\/ou microbiol\u00f3gicos;<\/li><li>Interpretar resultados de ensaios e an\u00e1lises propondo solu\u00e7\u00f5es de altera\u00e7\u00e3o dos par\u00e2metros;<\/li><li>Colaborar na defini\u00e7\u00e3o e p\u00f4r em pr\u00e1tica normjas de segurna\u00e7a, sa\u00fade e ambiente e qualidade;<\/li><li>Armazenar e classificar produtos qu\u00edmicos tendo em conta a an\u00e1lise de risco do produto;<\/li><li>Realizar gest\u00e3o de res\u00edduos t\u00f3xicos e\/ou perigosos;<\/li><\/ul>\t\t\t\t\t\t\t\t<\/div>\n\t\t\t\t<\/div>\n\t\t\t\t\t<\/div>\n\t\t<\/div>\n\t\t\t\t\t<\/div>\n\t\t<\/section>\n\t\t\t\t<section class=\"elementor-section elementor-top-section elementor-element elementor-element-42e59065 elementor-section-boxed elementor-section-height-default elementor-section-height-default wpr-particle-no wpr-jarallax-no wpr-parallax-no wpr-sticky-section-no wpr-equal-height-no\" data-id=\"42e59065\" data-element_type=\"section\" data-e-type=\"section\" data-settings=\"{&quot;background_background&quot;:&quot;classic&quot;}\">\n\t\t\t\t\t\t\t<div class=\"elementor-background-overlay\"><\/div>\n\t\t\t\t\t\t\t<div class=\"elementor-container elementor-column-gap-no\">\n\t\t\t\t\t<div class=\"elementor-column elementor-col-100 elementor-top-column elementor-element elementor-element-3175fcf9\" data-id=\"3175fcf9\" data-element_type=\"column\" data-e-type=\"column\">\n\t\t\t<div class=\"elementor-widget-wrap elementor-element-populated\">\n\t\t\t\t\t\t<div class=\"elementor-element elementor-element-34c6cc4 elementor-widget elementor-widget-heading\" data-id=\"34c6cc4\" data-element_type=\"widget\" data-e-type=\"widget\" data-widget_type=\"heading.default\">\n\t\t\t\t<div class=\"elementor-widget-container\">\n\t\t\t\t\t<h2 class=\"elementor-heading-title elementor-size-default\">T\u00e9cnico de An\u00e1lise Laboratorial<\/h2>\t\t\t\t<\/div>\n\t\t\t\t<\/div>\n\t\t\t\t<div class=\"elementor-element elementor-element-d13a714 elementor-widget-divider--view-line elementor-widget elementor-widget-divider\" data-id=\"d13a714\" data-element_type=\"widget\" data-e-type=\"widget\" data-widget_type=\"divider.default\">\n\t\t\t\t<div class=\"elementor-widget-container\">\n\t\t\t\t\t\t\t<div class=\"elementor-divider\">\n\t\t\t<span class=\"elementor-divider-separator\">\n\t\t\t\t\t\t<\/span>\n\t\t<\/div>\n\t\t\t\t\t\t<\/div>\n\t\t\t\t<\/div>\n\t\t\t\t<div class=\"elementor-element elementor-element-bcbd8fc elementor-widget elementor-widget-text-editor\" data-id=\"bcbd8fc\" data-element_type=\"widget\" data-e-type=\"widget\" data-widget_type=\"text-editor.default\">\n\t\t\t\t<div class=\"elementor-widget-container\">\n\t\t\t\t\t\t\t\t\t<h5><strong>Plano de Estudos<\/strong><\/h5><p>Cat\u00e1logo Nacional de Qualifica\u00e7\u00f5es<\/p><h5>Componentes de forma\u00e7\u00e3o sociocultural<\/h5><p><strong>&#8211;<\/strong> Portugu\u00eas<\/p><p>&#8211; L\u00edngua Estrangeira<\/p><p>&#8211; \u00c1rea de Integra\u00e7\u00e3o<\/p><p>&#8211; Tecnologias de Informa\u00e7\u00e3o e Comunica\u00e7\u00e3o<\/p><p>&#8211; Educa\u00e7\u00e3o F\u00edsica<\/p><h5>Componente de forma\u00e7\u00e3o cient\u00edfica<\/h5><p>&#8211; Matem\u00e1tica<\/p><p>&#8211; F\u00edsica e Qu\u00edmica<\/p><h5>componente de forma\u00e7\u00e3o t\u00e9cnica<\/h5><p>&#8211; Qu\u00edmica Aplicada<\/p><p>&#8211; Tecnologia Qu\u00edmica<\/p><p>&#8211; Qualidade, Seguran\u00e7a e Ambiente<\/p><p>&#8211; An\u00e1lises Qu\u00edmicas<\/p><p>&#8211; Forma\u00e7\u00e3o em Contexto de Trabalho (600h)<\/p>\t\t\t\t\t\t\t\t<\/div>\n\t\t\t\t<\/div>\n\t\t\t\t\t<\/div>\n\t\t<\/div>\n\t\t\t\t\t<\/div>\n\t\t<\/section>\n\t\t\t\t<section class=\"elementor-section elementor-top-section elementor-element elementor-element-b043252 elementor-section-boxed elementor-section-height-default elementor-section-height-default wpr-particle-no wpr-jarallax-no wpr-parallax-no wpr-sticky-section-no wpr-equal-height-no\" data-id=\"b043252\" data-element_type=\"section\" data-e-type=\"section\">\n\t\t\t\t\t\t<div class=\"elementor-container elementor-column-gap-default\">\n\t\t\t\t\t<div class=\"elementor-column elementor-col-100 elementor-top-column elementor-element elementor-element-f428339\" data-id=\"f428339\" data-element_type=\"column\" data-e-type=\"column\">\n\t\t\t<div class=\"elementor-widget-wrap elementor-element-populated\">\n\t\t\t\t\t\t<div class=\"elementor-element elementor-element-4aa6cba elementor-widget elementor-widget-heading\" data-id=\"4aa6cba\" data-element_type=\"widget\" data-e-type=\"widget\" data-widget_type=\"heading.default\">\n\t\t\t\t<div class=\"elementor-widget-container\">\n\t\t\t\t\t<h2 class=\"elementor-heading-title elementor-size-default\">Get Enrolled Today<\/h2>\t\t\t\t<\/div>\n\t\t\t\t<\/div>\n\t\t\t\t<div class=\"elementor-element elementor-element-6942c640 elementor-widget-divider--view-line elementor-widget elementor-widget-divider\" data-id=\"6942c640\" data-element_type=\"widget\" data-e-type=\"widget\" data-widget_type=\"divider.default\">\n\t\t\t\t<div class=\"elementor-widget-container\">\n\t\t\t\t\t\t\t<div class=\"elementor-divider\">\n\t\t\t<span class=\"elementor-divider-separator\">\n\t\t\t\t\t\t<\/span>\n\t\t<\/div>\n\t\t\t\t\t\t<\/div>\n\t\t\t\t<\/div>\n\t\t\t\t<div class=\"elementor-element elementor-element-2a53387 elementor-widget elementor-widget-text-editor\" data-id=\"2a53387\" data-element_type=\"widget\" data-e-type=\"widget\" data-widget_type=\"text-editor.default\">\n\t\t\t\t<div class=\"elementor-widget-container\">\n\t\t\t\t\t\t\t\t\t<p>Magna aliqua ut enim ad minim veniam, quis nostrud exercitation ullamco laboris nisi ut aliquip!<\/p>\t\t\t\t\t\t\t\t<\/div>\n\t\t\t\t<\/div>\n\t\t\t\t<div class=\"elementor-element elementor-element-3fbbfd7 elementor-align-center elementor-widget elementor-widget-button\" data-id=\"3fbbfd7\" data-element_type=\"widget\" data-e-type=\"widget\" data-widget_type=\"button.default\">\n\t\t\t\t<div class=\"elementor-widget-container\">\n\t\t\t\t\t\t\t\t\t<div class=\"elementor-button-wrapper\">\n\t\t\t\t\t<a class=\"elementor-button elementor-button-link elementor-size-md\" href=\"#\">\n\t\t\t\t\t\t<span class=\"elementor-button-content-wrapper\">\n\t\t\t\t\t\t\t\t\t<span class=\"elementor-button-text\">Register<\/span>\n\t\t\t\t\t<\/span>\n\t\t\t\t\t<\/a>\n\t\t\t\t<\/div>\n\t\t\t\t\t\t\t\t<\/div>\n\t\t\t\t<\/div>\n\t\t\t\t\t<\/div>\n\t\t<\/div>\n\t\t\t\t\t<\/div>\n\t\t<\/section>\n\t\t\t\t<\/div>\n\t\t","protected":false},"excerpt":{"rendered":"<p>Curso An\u00e1lise Laboratorial O T\u00e9cnico de An\u00e1lise Laboratorial \u00e9 o profissional qualificado para, no dominio dos princ\u00edpios e das t\u00e9cnicas de an\u00e1lise qualitativa, quantitativa e instrumental, realizar ensaios, registar e interpretar os resultados, selecionando os m\u00e9todos e as t\u00e9cnicas mais adequadas, para aplica\u00e7\u00f5es em cintexto laboratorial ou em processos qu\u00edmicos. Compet\u00eancias Profissionais Identificar e realizar os principais ensaios e an\u00e1lise por sector de atividade; Aplicar as t\u00e9cnicas de an\u00e1lise qu\u00edmica e selecionar as que melhor se adaptam \u00e0 resolu\u00e7\u00e3o de um dado problema; Recolher e preparar amostras de subst\u00e2ncias e produtos a analisar; Realisar ensaios f\u00edsicoqu\u00edmicos e\/ou microbiol\u00f3gicos; Interpretar resultados de ensaios e an\u00e1lises propondo solu\u00e7\u00f5es de altera\u00e7\u00e3o dos par\u00e2metros; Colaborar na defini\u00e7\u00e3o e p\u00f4r em pr\u00e1tica normjas de segurna\u00e7a, sa\u00fade e ambiente e qualidade; Armazenar e classificar produtos qu\u00edmicos tendo em conta a an\u00e1lise de risco do produto; Realizar gest\u00e3o de res\u00edduos t\u00f3xicos e\/ou perigosos; T\u00e9cnico de An\u00e1lise Laboratorial Plano de Estudos Cat\u00e1logo Nacional de Qualifica\u00e7\u00f5es Componentes de forma\u00e7\u00e3o sociocultural &#8211; Portugu\u00eas &#8211; L\u00edngua Estrangeira &#8211; \u00c1rea de Integra\u00e7\u00e3o &#8211; Tecnologias de Informa\u00e7\u00e3o e Comunica\u00e7\u00e3o &#8211; Educa\u00e7\u00e3o F\u00edsica Componente de forma\u00e7\u00e3o cient\u00edfica &#8211; Matem\u00e1tica &#8211; F\u00edsica e Qu\u00edmica componente de forma\u00e7\u00e3o t\u00e9cnica &#8211; Qu\u00edmica Aplicada &#8211; Tecnologia Qu\u00edmica &#8211; Qualidade, Seguran\u00e7a e Ambiente &#8211; An\u00e1lises Qu\u00edmicas &#8211; Forma\u00e7\u00e3o em Contexto de Trabalho (600h) Get Enrolled Today Magna aliqua ut enim ad minim veniam, quis nostrud exercitation ullamco laboris nisi ut aliquip! Register<\/p>\n","protected":false},"author":1,"featured_media":0,"parent":0,"menu_order":0,"comment_status":"closed","ping_status":"closed","template":"","meta":{"om_disable_all_campaigns":false,"_uag_custom_page_level_css":"","_monsterinsights_skip_tracking":false,"_monsterinsights_sitenote_active":false,"_monsterinsights_sitenote_note":"","_monsterinsights_sitenote_category":0,"site-sidebar-layout":"no-sidebar","site-content-layout":"page-builder","ast-site-content-layout":"default","site-content-style":"default","site-sidebar-style":"default","ast-global-header-display":"","ast-banner-title-visibility":"","ast-main-header-display":"","ast-hfb-above-header-display":"","ast-hfb-below-header-display":"","ast-hfb-mobile-header-display":"","site-post-title":"disabled","ast-breadcrumbs-content":"","ast-featured-img":"disabled","footer-sml-layout":"","ast-disable-related-posts":"","theme-transparent-header-meta":"","adv-header-id-meta":"","stick-header-meta":"","header-above-stick-meta":"","header-main-stick-meta":"","header-below-stick-meta":"","astra-migrate-meta-layouts":"default","ast-page-background-enabled":"default","ast-page-background-meta":{"desktop":{"background-color":"","background-image":"","background-repeat":"repeat","background-position":"center center","background-size":"auto","background-attachment":"scroll","background-type":"","background-media":"","overlay-type":"","overlay-color":"","overlay-opacity":"","overlay-gradient":""},"tablet":{"background-color":"","background-image":"","background-repeat":"repeat","background-position":"center center","background-size":"auto","background-attachment":"scroll","background-type":"","background-media":"","overlay-type":"","overlay-color":"","overlay-opacity":"","overlay-gradient":""},"mobile":{"background-color":"","background-image":"","background-repeat":"repeat","background-position":"center center","background-size":"auto","background-attachment":"scroll","background-type":"","background-media":"","overlay-type":"","overlay-color":"","overlay-opacity":"","overlay-gradient":""}},"ast-content-background-meta":{"desktop":{"background-color":"var(--ast-global-color-5)","background-image":"","background-repeat":"repeat","background-position":"center center","background-size":"auto","background-attachment":"scroll","background-type":"","background-media":"","overlay-type":"","overlay-color":"","overlay-opacity":"","overlay-gradient":""},"tablet":{"background-color":"var(--ast-global-color-5)","background-image":"","background-repeat":"repeat","background-position":"center center","background-size":"auto","background-attachment":"scroll","background-type":"","background-media":"","overlay-type":"","overlay-color":"","overlay-opacity":"","overlay-gradient":""},"mobile":{"background-color":"var(--ast-global-color-5)","background-image":"","background-repeat":"repeat","background-position":"center center","background-size":"auto","background-attachment":"scroll","background-type":"","background-media":"","overlay-type":"","overlay-color":"","overlay-opacity":"","overlay-gradient":""}},"footnotes":""},"class_list":["post-6","page","type-page","status-publish","hentry"],"aioseo_notices":[],"uagb_featured_image_src":{"full":false,"thumbnail":false,"medium":false,"medium_large":false,"large":false,"1536x1536":false,"2048x2048":false},"uagb_author_info":{"display_name":"admin","author_link":"https:\/\/alentecno.pt\/index.php\/author\/wp_admin_01\/"},"uagb_comment_info":0,"uagb_excerpt":"Curso An\u00e1lise Laboratorial O T\u00e9cnico de An\u00e1lise Laboratorial \u00e9 o profissional qualificado para, no dominio dos princ\u00edpios e das t\u00e9cnicas de an\u00e1lise qualitativa, quantitativa e instrumental, realizar ensaios, registar e interpretar os resultados, selecionando os m\u00e9todos e as t\u00e9cnicas mais adequadas, para aplica\u00e7\u00f5es em cintexto laboratorial ou em processos qu\u00edmicos. Compet\u00eancias Profissionais Identificar e realizar&hellip;","_links":{"self":[{"href":"https:\/\/alentecno.pt\/index.php\/wp-json\/wp\/v2\/pages\/6","targetHints":{"allow":["GET"]}}],"collection":[{"href":"https:\/\/alentecno.pt\/index.php\/wp-json\/wp\/v2\/pages"}],"about":[{"href":"https:\/\/alentecno.pt\/index.php\/wp-json\/wp\/v2\/types\/page"}],"author":[{"embeddable":true,"href":"https:\/\/alentecno.pt\/index.php\/wp-json\/wp\/v2\/users\/1"}],"replies":[{"embeddable":true,"href":"https:\/\/alentecno.pt\/index.php\/wp-json\/wp\/v2\/comments?post=6"}],"version-history":[{"count":0,"href":"https:\/\/alentecno.pt\/index.php\/wp-json\/wp\/v2\/pages\/6\/revisions"}],"wp:attachment":[{"href":"https:\/\/alentecno.pt\/index.php\/wp-json\/wp\/v2\/media?parent=6"}],"curies":[{"name":"wp","href":"https:\/\/api.w.org\/{rel}","templated":true}]}}